{"id":1803,"date":"2026-02-10T23:15:21","date_gmt":"2026-02-10T23:15:21","guid":{"rendered":"https:\/\/superofertascatalogo.com.mx\/?post_type=product&#038;p=1803"},"modified":"2026-02-10T23:15:22","modified_gmt":"2026-02-10T23:15:22","slug":"aceitunas-bufalo-sin-hueso-150-g","status":"publish","type":"product","link":"https:\/\/superofertascatalogo.com.mx\/index.php\/product\/aceitunas-bufalo-sin-hueso-150-g\/","title":{"rendered":"Aceitunas B\u00fafalo sin hueso 150 g"},"content":{"rendered":"","protected":false},"excerpt":{"rendered":"<div class=\"expand-collapse-header flex justify-between items-center w-100\">\n<h3 class=\"w-100 ma0 pa3 lh-copy normal f5\">Detalles del art\u00edculo<\/h3>\n<div class=\"pr3\"><\/div>\n<\/div>\n<div class=\"w_zz0G expand-collapse-content\" data-testid=\"ui-collapse-panel\">\n<div class=\"ph3 pb4 pt1\">\n<div class=\"nb3\" data-testid=\"product-description-content\">\n<div class=\"mb3\">\n<div class=\"dangerous-html mb3\">\n<ul>\n<li>Dale a tus botanas un sabor m\u00e1s delicioso<\/li>\n<li>Ideal para crear ricos dips<\/li>\n<li>Prep\u00e1ralas a la B\u00fafalo<\/li>\n<\/ul>\n<\/div>\n<\/div>\n<div class=\"mb3 f6 mid-gray lh-title overflow-visible db\">\n<div class=\"dangerous-html mb3\">\n<div>Prueba el exquisito sabor de las Aceitunas B\u00fafalo sin hueso, ideales para botanear, acompa\u00f1ar o adornar tus platillos favoritos como pizzas, ensaladas, baguettes o para acompa\u00f1ar carnes fr\u00edas y quesos. &#8211; S\u00edrvelas en una tabla de quesos en tus reuniones &#8211; Perfectas para abrir el apetito Tan vers\u00e1tiles que las opciones son innumerables. Recuerda que ya puedes realizar tus compras en la tienda en l\u00ednea, en donde tambi\u00e9n encontrar\u00e1s todo lo necesario para tu d\u00eda a d\u00eda o para surtir la despensa de tu hogar. Compra lo que necesites, con nuestro servicio de entregas a domicilio tus compras llegar\u00e1n hasta la puerta de tu hogar.<\/div>\n<\/div>\n<\/div>\n<\/div>\n<\/div>\n<\/div>\n","protected":false},"featured_media":1804,"comment_status":"open","ping_status":"closed","template":"","meta":[],"etheme_brands":[],"product_brand":[],"product_cat":[53],"product_tag":[],"class_list":{"0":"post-1803","1":"product","2":"type-product","3":"status-publish","4":"has-post-thumbnail","6":"product_cat-legumbres","8":"first","9":"instock","10":"sale","11":"shipping-taxable","12":"purchasable","13":"product-type-simple"},"yoast_head":"<!-- This site is optimized with the Yoast SEO Premium plugin v23.4 (Yoast SEO v23.4) - https:\/\/yoast.com\/wordpress\/plugins\/seo\/ -->\n<title>Aceitunas B\u00fafalo sin hueso 150 g - Super Ofertas<\/title>\n<meta name=\"robots\" content=\"index, follow, max-snippet:-1, max-image-preview:large, max-video-preview:-1\" \/>\n<link rel=\"canonical\" href=\"https:\/\/superofertascatalogo.com.mx\/index.php\/product\/aceitunas-bufalo-sin-hueso-150-g\/\" \/>\n<meta property=\"og:locale\" content=\"es_MX\" \/>\n<meta property=\"og:type\" content=\"article\" \/>\n<meta property=\"og:title\" content=\"Aceitunas B\u00fafalo sin hueso 150 g\" \/>\n<meta property=\"og:description\" content=\"Detalles del art\u00edculo          Dale a tus botanas un sabor m\u00e1s delicioso  Ideal para crear ricos dips  Prep\u00e1ralas a la B\u00fafalo      Prueba el exquisito sabor de las Aceitunas B\u00fafalo sin hueso, ideales para botanear, acompa\u00f1ar o adornar tus platillos favoritos como pizzas, ensaladas, baguettes o para acompa\u00f1ar carnes fr\u00edas y quesos. - S\u00edrvelas en una tabla de quesos en tus reuniones - Perfectas para abrir el apetito Tan vers\u00e1tiles que las opciones son innumerables. Recuerda que ya puedes realizar tus compras en la tienda en l\u00ednea, en donde tambi\u00e9n encontrar\u00e1s todo lo necesario para tu d\u00eda a d\u00eda o para surtir la despensa de tu hogar. Compra lo que necesites, con nuestro servicio de entregas a domicilio tus compras llegar\u00e1n hasta la puerta de tu hogar.\" \/>\n<meta property=\"og:url\" content=\"https:\/\/superofertascatalogo.com.mx\/index.php\/product\/aceitunas-bufalo-sin-hueso-150-g\/\" \/>\n<meta property=\"og:site_name\" content=\"Super Ofertas\" \/>\n<meta property=\"article:modified_time\" content=\"2026-02-10T23:15:22+00:00\" \/>\n<meta property=\"og:image\" content=\"https:\/\/superofertascatalogo.com.mx\/wp-content\/uploads\/2026\/02\/aceitunas.jpg\" \/>\n\t<meta property=\"og:image:width\" content=\"1080\" \/>\n\t<meta property=\"og:image:height\" content=\"1080\" \/>\n\t<meta property=\"og:image:type\" content=\"image\/jpeg\" \/>\n<meta name=\"twitter:card\" content=\"summary_large_image\" \/>\n<meta name=\"twitter:label1\" content=\"Tiempo de lectura\" \/>\n\t<meta name=\"twitter:data1\" content=\"1 minuto\" \/>\n<script type=\"application\/ld+json\" class=\"yoast-schema-graph\">{\"@context\":\"https:\/\/schema.org\",\"@graph\":[{\"@type\":\"WebPage\",\"@id\":\"https:\/\/superofertascatalogo.com.mx\/index.php\/product\/aceitunas-bufalo-sin-hueso-150-g\/\",\"url\":\"https:\/\/superofertascatalogo.com.mx\/index.php\/product\/aceitunas-bufalo-sin-hueso-150-g\/\",\"name\":\"Aceitunas B\u00fafalo sin hueso 150 g - Super Ofertas\",\"isPartOf\":{\"@id\":\"https:\/\/superofertascatalogo.com.mx\/#website\"},\"primaryImageOfPage\":{\"@id\":\"https:\/\/superofertascatalogo.com.mx\/index.php\/product\/aceitunas-bufalo-sin-hueso-150-g\/#primaryimage\"},\"image\":{\"@id\":\"https:\/\/superofertascatalogo.com.mx\/index.php\/product\/aceitunas-bufalo-sin-hueso-150-g\/#primaryimage\"},\"thumbnailUrl\":\"https:\/\/superofertascatalogo.com.mx\/wp-content\/uploads\/2026\/02\/aceitunas.jpg\",\"datePublished\":\"2026-02-10T23:15:21+00:00\",\"dateModified\":\"2026-02-10T23:15:22+00:00\",\"breadcrumb\":{\"@id\":\"https:\/\/superofertascatalogo.com.mx\/index.php\/product\/aceitunas-bufalo-sin-hueso-150-g\/#breadcrumb\"},\"inLanguage\":\"es\",\"potentialAction\":[{\"@type\":\"ReadAction\",\"target\":[\"https:\/\/superofertascatalogo.com.mx\/index.php\/product\/aceitunas-bufalo-sin-hueso-150-g\/\"]}]},{\"@type\":\"ImageObject\",\"inLanguage\":\"es\",\"@id\":\"https:\/\/superofertascatalogo.com.mx\/index.php\/product\/aceitunas-bufalo-sin-hueso-150-g\/#primaryimage\",\"url\":\"https:\/\/superofertascatalogo.com.mx\/wp-content\/uploads\/2026\/02\/aceitunas.jpg\",\"contentUrl\":\"https:\/\/superofertascatalogo.com.mx\/wp-content\/uploads\/2026\/02\/aceitunas.jpg\",\"width\":1080,\"height\":1080},{\"@type\":\"BreadcrumbList\",\"@id\":\"https:\/\/superofertascatalogo.com.mx\/index.php\/product\/aceitunas-bufalo-sin-hueso-150-g\/#breadcrumb\",\"itemListElement\":[{\"@type\":\"ListItem\",\"position\":1,\"name\":\"Inicio\",\"item\":\"https:\/\/superofertascatalogo.com.mx\/\"},{\"@type\":\"ListItem\",\"position\":2,\"name\":\"Shop\",\"item\":\"https:\/\/superofertascatalogo.com.mx\/index.php\/shop\/\"},{\"@type\":\"ListItem\",\"position\":3,\"name\":\"Aceitunas B\u00fafalo sin hueso 150 g\"}]},{\"@type\":\"WebSite\",\"@id\":\"https:\/\/superofertascatalogo.com.mx\/#website\",\"url\":\"https:\/\/superofertascatalogo.com.mx\/\",\"name\":\"Super Ofertas\",\"description\":\"Super Cerca de ti\",\"publisher\":{\"@id\":\"https:\/\/superofertascatalogo.com.mx\/#organization\"},\"alternateName\":\"Super Ofertas\",\"potentialAction\":[{\"@type\":\"SearchAction\",\"target\":{\"@type\":\"EntryPoint\",\"urlTemplate\":\"https:\/\/superofertascatalogo.com.mx\/?s={search_term_string}\"},\"query-input\":{\"@type\":\"PropertyValueSpecification\",\"valueRequired\":true,\"valueName\":\"search_term_string\"}}],\"inLanguage\":\"es\"},{\"@type\":\"Organization\",\"@id\":\"https:\/\/superofertascatalogo.com.mx\/#organization\",\"name\":\"Super Ofertas\",\"url\":\"https:\/\/superofertascatalogo.com.mx\/\",\"logo\":{\"@type\":\"ImageObject\",\"inLanguage\":\"es\",\"@id\":\"https:\/\/superofertascatalogo.com.mx\/#\/schema\/logo\/image\/\",\"url\":\"https:\/\/superofertascatalogo.com.mx\/wp-content\/uploads\/2022\/06\/Logo-cars-2x.png\",\"contentUrl\":\"https:\/\/superofertascatalogo.com.mx\/wp-content\/uploads\/2022\/06\/Logo-cars-2x.png\",\"width\":355,\"height\":130,\"caption\":\"Super Ofertas\"},\"image\":{\"@id\":\"https:\/\/superofertascatalogo.com.mx\/#\/schema\/logo\/image\/\"}}]}<\/script>\n<!-- \/ Yoast SEO Premium plugin. -->","yoast_head_json":{"title":"Aceitunas B\u00fafalo sin hueso 150 g - Super Ofertas","robots":{"index":"index","follow":"follow","max-snippet":"max-snippet:-1","max-image-preview":"max-image-preview:large","max-video-preview":"max-video-preview:-1"},"canonical":"https:\/\/superofertascatalogo.com.mx\/index.php\/product\/aceitunas-bufalo-sin-hueso-150-g\/","og_locale":"es_MX","og_type":"article","og_title":"Aceitunas B\u00fafalo sin hueso 150 g","og_description":"Detalles del art\u00edculo          Dale a tus botanas un sabor m\u00e1s delicioso  Ideal para crear ricos dips  Prep\u00e1ralas a la B\u00fafalo      Prueba el exquisito sabor de las Aceitunas B\u00fafalo sin hueso, ideales para botanear, acompa\u00f1ar o adornar tus platillos favoritos como pizzas, ensaladas, baguettes o para acompa\u00f1ar carnes fr\u00edas y quesos. - S\u00edrvelas en una tabla de quesos en tus reuniones - Perfectas para abrir el apetito Tan vers\u00e1tiles que las opciones son innumerables. Recuerda que ya puedes realizar tus compras en la tienda en l\u00ednea, en donde tambi\u00e9n encontrar\u00e1s todo lo necesario para tu d\u00eda a d\u00eda o para surtir la despensa de tu hogar. Compra lo que necesites, con nuestro servicio de entregas a domicilio tus compras llegar\u00e1n hasta la puerta de tu hogar.","og_url":"https:\/\/superofertascatalogo.com.mx\/index.php\/product\/aceitunas-bufalo-sin-hueso-150-g\/","og_site_name":"Super Ofertas","article_modified_time":"2026-02-10T23:15:22+00:00","og_image":[{"width":1080,"height":1080,"url":"https:\/\/superofertascatalogo.com.mx\/wp-content\/uploads\/2026\/02\/aceitunas.jpg","type":"image\/jpeg"}],"twitter_card":"summary_large_image","twitter_misc":{"Tiempo de lectura":"1 minuto"},"schema":{"@context":"https:\/\/schema.org","@graph":[{"@type":"WebPage","@id":"https:\/\/superofertascatalogo.com.mx\/index.php\/product\/aceitunas-bufalo-sin-hueso-150-g\/","url":"https:\/\/superofertascatalogo.com.mx\/index.php\/product\/aceitunas-bufalo-sin-hueso-150-g\/","name":"Aceitunas B\u00fafalo sin hueso 150 g - Super Ofertas","isPartOf":{"@id":"https:\/\/superofertascatalogo.com.mx\/#website"},"primaryImageOfPage":{"@id":"https:\/\/superofertascatalogo.com.mx\/index.php\/product\/aceitunas-bufalo-sin-hueso-150-g\/#primaryimage"},"image":{"@id":"https:\/\/superofertascatalogo.com.mx\/index.php\/product\/aceitunas-bufalo-sin-hueso-150-g\/#primaryimage"},"thumbnailUrl":"https:\/\/superofertascatalogo.com.mx\/wp-content\/uploads\/2026\/02\/aceitunas.jpg","datePublished":"2026-02-10T23:15:21+00:00","dateModified":"2026-02-10T23:15:22+00:00","breadcrumb":{"@id":"https:\/\/superofertascatalogo.com.mx\/index.php\/product\/aceitunas-bufalo-sin-hueso-150-g\/#breadcrumb"},"inLanguage":"es","potentialAction":[{"@type":"ReadAction","target":["https:\/\/superofertascatalogo.com.mx\/index.php\/product\/aceitunas-bufalo-sin-hueso-150-g\/"]}]},{"@type":"ImageObject","inLanguage":"es","@id":"https:\/\/superofertascatalogo.com.mx\/index.php\/product\/aceitunas-bufalo-sin-hueso-150-g\/#primaryimage","url":"https:\/\/superofertascatalogo.com.mx\/wp-content\/uploads\/2026\/02\/aceitunas.jpg","contentUrl":"https:\/\/superofertascatalogo.com.mx\/wp-content\/uploads\/2026\/02\/aceitunas.jpg","width":1080,"height":1080},{"@type":"BreadcrumbList","@id":"https:\/\/superofertascatalogo.com.mx\/index.php\/product\/aceitunas-bufalo-sin-hueso-150-g\/#breadcrumb","itemListElement":[{"@type":"ListItem","position":1,"name":"Inicio","item":"https:\/\/superofertascatalogo.com.mx\/"},{"@type":"ListItem","position":2,"name":"Shop","item":"https:\/\/superofertascatalogo.com.mx\/index.php\/shop\/"},{"@type":"ListItem","position":3,"name":"Aceitunas B\u00fafalo sin hueso 150 g"}]},{"@type":"WebSite","@id":"https:\/\/superofertascatalogo.com.mx\/#website","url":"https:\/\/superofertascatalogo.com.mx\/","name":"Super Ofertas","description":"Super Cerca de ti","publisher":{"@id":"https:\/\/superofertascatalogo.com.mx\/#organization"},"alternateName":"Super Ofertas","potentialAction":[{"@type":"SearchAction","target":{"@type":"EntryPoint","urlTemplate":"https:\/\/superofertascatalogo.com.mx\/?s={search_term_string}"},"query-input":{"@type":"PropertyValueSpecification","valueRequired":true,"valueName":"search_term_string"}}],"inLanguage":"es"},{"@type":"Organization","@id":"https:\/\/superofertascatalogo.com.mx\/#organization","name":"Super Ofertas","url":"https:\/\/superofertascatalogo.com.mx\/","logo":{"@type":"ImageObject","inLanguage":"es","@id":"https:\/\/superofertascatalogo.com.mx\/#\/schema\/logo\/image\/","url":"https:\/\/superofertascatalogo.com.mx\/wp-content\/uploads\/2022\/06\/Logo-cars-2x.png","contentUrl":"https:\/\/superofertascatalogo.com.mx\/wp-content\/uploads\/2022\/06\/Logo-cars-2x.png","width":355,"height":130,"caption":"Super Ofertas"},"image":{"@id":"https:\/\/superofertascatalogo.com.mx\/#\/schema\/logo\/image\/"}}]}},"_links":{"self":[{"href":"https:\/\/superofertascatalogo.com.mx\/index.php\/wp-json\/wp\/v2\/product\/1803","targetHints":{"allow":["GET"]}}],"collection":[{"href":"https:\/\/superofertascatalogo.com.mx\/index.php\/wp-json\/wp\/v2\/product"}],"about":[{"href":"https:\/\/superofertascatalogo.com.mx\/index.php\/wp-json\/wp\/v2\/types\/product"}],"replies":[{"embeddable":true,"href":"https:\/\/superofertascatalogo.com.mx\/index.php\/wp-json\/wp\/v2\/comments?post=1803"}],"version-history":[{"count":1,"href":"https:\/\/superofertascatalogo.com.mx\/index.php\/wp-json\/wp\/v2\/product\/1803\/revisions"}],"predecessor-version":[{"id":1805,"href":"https:\/\/superofertascatalogo.com.mx\/index.php\/wp-json\/wp\/v2\/product\/1803\/revisions\/1805"}],"wp:featuredmedia":[{"embeddable":true,"href":"https:\/\/superofertascatalogo.com.mx\/index.php\/wp-json\/wp\/v2\/media\/1804"}],"wp:attachment":[{"href":"https:\/\/superofertascatalogo.com.mx\/index.php\/wp-json\/wp\/v2\/media?parent=1803"}],"wp:term":[{"taxonomy":"brand","embeddable":true,"href":"https:\/\/superofertascatalogo.com.mx\/index.php\/wp-json\/wp\/v2\/etheme_brands?post=1803"},{"taxonomy":"product_brand","embeddable":true,"href":"https:\/\/superofertascatalogo.com.mx\/index.php\/wp-json\/wp\/v2\/product_brand?post=1803"},{"taxonomy":"product_cat","embeddable":true,"href":"https:\/\/superofertascatalogo.com.mx\/index.php\/wp-json\/wp\/v2\/product_cat?post=1803"},{"taxonomy":"product_tag","embeddable":true,"href":"https:\/\/superofertascatalogo.com.mx\/index.php\/wp-json\/wp\/v2\/product_tag?post=1803"}],"curies":[{"name":"wp","href":"https:\/\/api.w.org\/{rel}","templated":true}]}}