{"id":1806,"date":"2026-02-10T23:17:46","date_gmt":"2026-02-10T23:17:46","guid":{"rendered":"https:\/\/superofertascatalogo.com.mx\/?post_type=product&#038;p=1806"},"modified":"2026-02-10T23:17:47","modified_gmt":"2026-02-10T23:17:47","slug":"cacahuate-karate-flamin-hot-japones-sabor-salsa-de-soya-picante-80-g","status":"publish","type":"product","link":"https:\/\/superofertascatalogo.com.mx\/index.php\/product\/cacahuate-karate-flamin-hot-japones-sabor-salsa-de-soya-picante-80-g\/","title":{"rendered":"Cacahuate Karate Flamin&#8217; Hot japon\u00e9s sabor salsa de soya picante 80 g"},"content":{"rendered":"","protected":false},"excerpt":{"rendered":"<div class=\"expand-collapse-header flex justify-between items-center w-100\">\n<h3 class=\"w-100 ma0 pa3 lh-copy normal f5\">Detalles del art\u00edculo<\/h3>\n<div class=\"pr3\"><\/div>\n<\/div>\n<div class=\"w_zz0G expand-collapse-content\" data-testid=\"ui-collapse-panel\">\n<div class=\"ph3 pb4 pt1\">\n<div class=\"nb3\" data-testid=\"product-description-content\">\n<div class=\"mb3\">\n<div class=\"dangerous-html mb3\">\n<ul>\n<li>Satisface tu hambre para darte energ\u00eda<\/li>\n<li>Ideal para compartir<\/li>\n<li>Ideal para consumir en trayectos<\/li>\n<\/ul>\n<\/div>\n<\/div>\n<div class=\"mb3 f6 mid-gray lh-title overflow-visible db\">\n<div class=\"dangerous-html mb3\">\n<div>Karate Japon\u00e9s Flamin Hot es una nueva forma de disfrutar tus cacahuates japoneses ahora con un sabor picante, la crujencia del cacahuate japon\u00e9s Karate mezclada con el iconico sabor de Flamin Hot!. \u00a1Disfruta tus favoritos ahora, juntos! &#8211; Disfruta de su sabor en compa\u00f1\u00eda de familia y amigos. &#8211; Disfr\u00fatalos en cualquier momento y lugar. &#8211; Mezcla con tus condimentos favoritos. \u00a1Realiza todas tus compras en nuestra tienda en l\u00ednea desde la comodidad de tu hogar y recoge en tienda o recibe a domicilio tus productos favoritos!<\/div>\n<\/div>\n<\/div>\n<\/div>\n<\/div>\n<\/div>\n","protected":false},"featured_media":1807,"comment_status":"open","ping_status":"closed","template":"","meta":[],"etheme_brands":[],"product_brand":[],"product_cat":[54],"product_tag":[],"class_list":{"0":"post-1806","1":"product","2":"type-product","3":"status-publish","4":"has-post-thumbnail","6":"product_cat-snacks","8":"first","9":"instock","10":"sale","11":"shipping-taxable","12":"purchasable","13":"product-type-simple"},"yoast_head":"<!-- This site is optimized with the Yoast SEO Premium plugin v23.4 (Yoast SEO v23.4) - https:\/\/yoast.com\/wordpress\/plugins\/seo\/ -->\n<title>Cacahuate Karate Flamin&#039; Hot japon\u00e9s sabor salsa de soya picante 80 g - Super Ofertas<\/title>\n<meta name=\"robots\" content=\"index, follow, max-snippet:-1, max-image-preview:large, max-video-preview:-1\" \/>\n<link rel=\"canonical\" href=\"https:\/\/superofertascatalogo.com.mx\/index.php\/product\/cacahuate-karate-flamin-hot-japones-sabor-salsa-de-soya-picante-80-g\/\" \/>\n<meta property=\"og:locale\" content=\"es_MX\" \/>\n<meta property=\"og:type\" content=\"article\" \/>\n<meta property=\"og:title\" content=\"Cacahuate Karate Flamin&#039; Hot japon\u00e9s sabor salsa de soya picante 80 g\" \/>\n<meta property=\"og:description\" content=\"Detalles del art\u00edculo          Satisface tu hambre para darte energ\u00eda  Ideal para compartir  Ideal para consumir en trayectos      Karate Japon\u00e9s Flamin Hot es una nueva forma de disfrutar tus cacahuates japoneses ahora con un sabor picante, la crujencia del cacahuate japon\u00e9s Karate mezclada con el iconico sabor de Flamin Hot!. \u00a1Disfruta tus favoritos ahora, juntos! - Disfruta de su sabor en compa\u00f1\u00eda de familia y amigos. - Disfr\u00fatalos en cualquier momento y lugar. - Mezcla con tus condimentos favoritos. \u00a1Realiza todas tus compras en nuestra tienda en l\u00ednea desde la comodidad de tu hogar y recoge en tienda o recibe a domicilio tus productos favoritos!\" \/>\n<meta property=\"og:url\" content=\"https:\/\/superofertascatalogo.com.mx\/index.php\/product\/cacahuate-karate-flamin-hot-japones-sabor-salsa-de-soya-picante-80-g\/\" \/>\n<meta property=\"og:site_name\" content=\"Super Ofertas\" \/>\n<meta property=\"article:modified_time\" content=\"2026-02-10T23:17:47+00:00\" \/>\n<meta property=\"og:image\" content=\"https:\/\/superofertascatalogo.com.mx\/wp-content\/uploads\/2026\/02\/cacahuate.jpg\" \/>\n\t<meta property=\"og:image:width\" content=\"1080\" \/>\n\t<meta property=\"og:image:height\" content=\"1080\" \/>\n\t<meta property=\"og:image:type\" content=\"image\/jpeg\" \/>\n<meta name=\"twitter:card\" content=\"summary_large_image\" \/>\n<meta name=\"twitter:label1\" content=\"Tiempo de lectura\" \/>\n\t<meta name=\"twitter:data1\" content=\"1 minuto\" \/>\n<script type=\"application\/ld+json\" class=\"yoast-schema-graph\">{\"@context\":\"https:\/\/schema.org\",\"@graph\":[{\"@type\":\"WebPage\",\"@id\":\"https:\/\/superofertascatalogo.com.mx\/index.php\/product\/cacahuate-karate-flamin-hot-japones-sabor-salsa-de-soya-picante-80-g\/\",\"url\":\"https:\/\/superofertascatalogo.com.mx\/index.php\/product\/cacahuate-karate-flamin-hot-japones-sabor-salsa-de-soya-picante-80-g\/\",\"name\":\"Cacahuate Karate Flamin' Hot japon\u00e9s sabor salsa de soya picante 80 g - Super Ofertas\",\"isPartOf\":{\"@id\":\"https:\/\/superofertascatalogo.com.mx\/#website\"},\"primaryImageOfPage\":{\"@id\":\"https:\/\/superofertascatalogo.com.mx\/index.php\/product\/cacahuate-karate-flamin-hot-japones-sabor-salsa-de-soya-picante-80-g\/#primaryimage\"},\"image\":{\"@id\":\"https:\/\/superofertascatalogo.com.mx\/index.php\/product\/cacahuate-karate-flamin-hot-japones-sabor-salsa-de-soya-picante-80-g\/#primaryimage\"},\"thumbnailUrl\":\"https:\/\/superofertascatalogo.com.mx\/wp-content\/uploads\/2026\/02\/cacahuate.jpg\",\"datePublished\":\"2026-02-10T23:17:46+00:00\",\"dateModified\":\"2026-02-10T23:17:47+00:00\",\"breadcrumb\":{\"@id\":\"https:\/\/superofertascatalogo.com.mx\/index.php\/product\/cacahuate-karate-flamin-hot-japones-sabor-salsa-de-soya-picante-80-g\/#breadcrumb\"},\"inLanguage\":\"es\",\"potentialAction\":[{\"@type\":\"ReadAction\",\"target\":[\"https:\/\/superofertascatalogo.com.mx\/index.php\/product\/cacahuate-karate-flamin-hot-japones-sabor-salsa-de-soya-picante-80-g\/\"]}]},{\"@type\":\"ImageObject\",\"inLanguage\":\"es\",\"@id\":\"https:\/\/superofertascatalogo.com.mx\/index.php\/product\/cacahuate-karate-flamin-hot-japones-sabor-salsa-de-soya-picante-80-g\/#primaryimage\",\"url\":\"https:\/\/superofertascatalogo.com.mx\/wp-content\/uploads\/2026\/02\/cacahuate.jpg\",\"contentUrl\":\"https:\/\/superofertascatalogo.com.mx\/wp-content\/uploads\/2026\/02\/cacahuate.jpg\",\"width\":1080,\"height\":1080},{\"@type\":\"BreadcrumbList\",\"@id\":\"https:\/\/superofertascatalogo.com.mx\/index.php\/product\/cacahuate-karate-flamin-hot-japones-sabor-salsa-de-soya-picante-80-g\/#breadcrumb\",\"itemListElement\":[{\"@type\":\"ListItem\",\"position\":1,\"name\":\"Inicio\",\"item\":\"https:\/\/superofertascatalogo.com.mx\/\"},{\"@type\":\"ListItem\",\"position\":2,\"name\":\"Shop\",\"item\":\"https:\/\/superofertascatalogo.com.mx\/index.php\/shop\/\"},{\"@type\":\"ListItem\",\"position\":3,\"name\":\"Cacahuate Karate Flamin&#8217; Hot japon\u00e9s sabor salsa de soya picante 80 g\"}]},{\"@type\":\"WebSite\",\"@id\":\"https:\/\/superofertascatalogo.com.mx\/#website\",\"url\":\"https:\/\/superofertascatalogo.com.mx\/\",\"name\":\"Super Ofertas\",\"description\":\"Super Cerca de ti\",\"publisher\":{\"@id\":\"https:\/\/superofertascatalogo.com.mx\/#organization\"},\"alternateName\":\"Super Ofertas\",\"potentialAction\":[{\"@type\":\"SearchAction\",\"target\":{\"@type\":\"EntryPoint\",\"urlTemplate\":\"https:\/\/superofertascatalogo.com.mx\/?s={search_term_string}\"},\"query-input\":{\"@type\":\"PropertyValueSpecification\",\"valueRequired\":true,\"valueName\":\"search_term_string\"}}],\"inLanguage\":\"es\"},{\"@type\":\"Organization\",\"@id\":\"https:\/\/superofertascatalogo.com.mx\/#organization\",\"name\":\"Super Ofertas\",\"url\":\"https:\/\/superofertascatalogo.com.mx\/\",\"logo\":{\"@type\":\"ImageObject\",\"inLanguage\":\"es\",\"@id\":\"https:\/\/superofertascatalogo.com.mx\/#\/schema\/logo\/image\/\",\"url\":\"https:\/\/superofertascatalogo.com.mx\/wp-content\/uploads\/2022\/06\/Logo-cars-2x.png\",\"contentUrl\":\"https:\/\/superofertascatalogo.com.mx\/wp-content\/uploads\/2022\/06\/Logo-cars-2x.png\",\"width\":355,\"height\":130,\"caption\":\"Super Ofertas\"},\"image\":{\"@id\":\"https:\/\/superofertascatalogo.com.mx\/#\/schema\/logo\/image\/\"}}]}<\/script>\n<!-- \/ Yoast SEO Premium plugin. -->","yoast_head_json":{"title":"Cacahuate Karate Flamin' Hot japon\u00e9s sabor salsa de soya picante 80 g - Super Ofertas","robots":{"index":"index","follow":"follow","max-snippet":"max-snippet:-1","max-image-preview":"max-image-preview:large","max-video-preview":"max-video-preview:-1"},"canonical":"https:\/\/superofertascatalogo.com.mx\/index.php\/product\/cacahuate-karate-flamin-hot-japones-sabor-salsa-de-soya-picante-80-g\/","og_locale":"es_MX","og_type":"article","og_title":"Cacahuate Karate Flamin' Hot japon\u00e9s sabor salsa de soya picante 80 g","og_description":"Detalles del art\u00edculo          Satisface tu hambre para darte energ\u00eda  Ideal para compartir  Ideal para consumir en trayectos      Karate Japon\u00e9s Flamin Hot es una nueva forma de disfrutar tus cacahuates japoneses ahora con un sabor picante, la crujencia del cacahuate japon\u00e9s Karate mezclada con el iconico sabor de Flamin Hot!. \u00a1Disfruta tus favoritos ahora, juntos! - Disfruta de su sabor en compa\u00f1\u00eda de familia y amigos. - Disfr\u00fatalos en cualquier momento y lugar. - Mezcla con tus condimentos favoritos. \u00a1Realiza todas tus compras en nuestra tienda en l\u00ednea desde la comodidad de tu hogar y recoge en tienda o recibe a domicilio tus productos favoritos!","og_url":"https:\/\/superofertascatalogo.com.mx\/index.php\/product\/cacahuate-karate-flamin-hot-japones-sabor-salsa-de-soya-picante-80-g\/","og_site_name":"Super Ofertas","article_modified_time":"2026-02-10T23:17:47+00:00","og_image":[{"width":1080,"height":1080,"url":"https:\/\/superofertascatalogo.com.mx\/wp-content\/uploads\/2026\/02\/cacahuate.jpg","type":"image\/jpeg"}],"twitter_card":"summary_large_image","twitter_misc":{"Tiempo de lectura":"1 minuto"},"schema":{"@context":"https:\/\/schema.org","@graph":[{"@type":"WebPage","@id":"https:\/\/superofertascatalogo.com.mx\/index.php\/product\/cacahuate-karate-flamin-hot-japones-sabor-salsa-de-soya-picante-80-g\/","url":"https:\/\/superofertascatalogo.com.mx\/index.php\/product\/cacahuate-karate-flamin-hot-japones-sabor-salsa-de-soya-picante-80-g\/","name":"Cacahuate Karate Flamin' Hot japon\u00e9s sabor salsa de soya picante 80 g - Super Ofertas","isPartOf":{"@id":"https:\/\/superofertascatalogo.com.mx\/#website"},"primaryImageOfPage":{"@id":"https:\/\/superofertascatalogo.com.mx\/index.php\/product\/cacahuate-karate-flamin-hot-japones-sabor-salsa-de-soya-picante-80-g\/#primaryimage"},"image":{"@id":"https:\/\/superofertascatalogo.com.mx\/index.php\/product\/cacahuate-karate-flamin-hot-japones-sabor-salsa-de-soya-picante-80-g\/#primaryimage"},"thumbnailUrl":"https:\/\/superofertascatalogo.com.mx\/wp-content\/uploads\/2026\/02\/cacahuate.jpg","datePublished":"2026-02-10T23:17:46+00:00","dateModified":"2026-02-10T23:17:47+00:00","breadcrumb":{"@id":"https:\/\/superofertascatalogo.com.mx\/index.php\/product\/cacahuate-karate-flamin-hot-japones-sabor-salsa-de-soya-picante-80-g\/#breadcrumb"},"inLanguage":"es","potentialAction":[{"@type":"ReadAction","target":["https:\/\/superofertascatalogo.com.mx\/index.php\/product\/cacahuate-karate-flamin-hot-japones-sabor-salsa-de-soya-picante-80-g\/"]}]},{"@type":"ImageObject","inLanguage":"es","@id":"https:\/\/superofertascatalogo.com.mx\/index.php\/product\/cacahuate-karate-flamin-hot-japones-sabor-salsa-de-soya-picante-80-g\/#primaryimage","url":"https:\/\/superofertascatalogo.com.mx\/wp-content\/uploads\/2026\/02\/cacahuate.jpg","contentUrl":"https:\/\/superofertascatalogo.com.mx\/wp-content\/uploads\/2026\/02\/cacahuate.jpg","width":1080,"height":1080},{"@type":"BreadcrumbList","@id":"https:\/\/superofertascatalogo.com.mx\/index.php\/product\/cacahuate-karate-flamin-hot-japones-sabor-salsa-de-soya-picante-80-g\/#breadcrumb","itemListElement":[{"@type":"ListItem","position":1,"name":"Inicio","item":"https:\/\/superofertascatalogo.com.mx\/"},{"@type":"ListItem","position":2,"name":"Shop","item":"https:\/\/superofertascatalogo.com.mx\/index.php\/shop\/"},{"@type":"ListItem","position":3,"name":"Cacahuate Karate Flamin&#8217; Hot japon\u00e9s sabor salsa de soya picante 80 g"}]},{"@type":"WebSite","@id":"https:\/\/superofertascatalogo.com.mx\/#website","url":"https:\/\/superofertascatalogo.com.mx\/","name":"Super Ofertas","description":"Super Cerca de ti","publisher":{"@id":"https:\/\/superofertascatalogo.com.mx\/#organization"},"alternateName":"Super Ofertas","potentialAction":[{"@type":"SearchAction","target":{"@type":"EntryPoint","urlTemplate":"https:\/\/superofertascatalogo.com.mx\/?s={search_term_string}"},"query-input":{"@type":"PropertyValueSpecification","valueRequired":true,"valueName":"search_term_string"}}],"inLanguage":"es"},{"@type":"Organization","@id":"https:\/\/superofertascatalogo.com.mx\/#organization","name":"Super Ofertas","url":"https:\/\/superofertascatalogo.com.mx\/","logo":{"@type":"ImageObject","inLanguage":"es","@id":"https:\/\/superofertascatalogo.com.mx\/#\/schema\/logo\/image\/","url":"https:\/\/superofertascatalogo.com.mx\/wp-content\/uploads\/2022\/06\/Logo-cars-2x.png","contentUrl":"https:\/\/superofertascatalogo.com.mx\/wp-content\/uploads\/2022\/06\/Logo-cars-2x.png","width":355,"height":130,"caption":"Super Ofertas"},"image":{"@id":"https:\/\/superofertascatalogo.com.mx\/#\/schema\/logo\/image\/"}}]}},"_links":{"self":[{"href":"https:\/\/superofertascatalogo.com.mx\/index.php\/wp-json\/wp\/v2\/product\/1806","targetHints":{"allow":["GET"]}}],"collection":[{"href":"https:\/\/superofertascatalogo.com.mx\/index.php\/wp-json\/wp\/v2\/product"}],"about":[{"href":"https:\/\/superofertascatalogo.com.mx\/index.php\/wp-json\/wp\/v2\/types\/product"}],"replies":[{"embeddable":true,"href":"https:\/\/superofertascatalogo.com.mx\/index.php\/wp-json\/wp\/v2\/comments?post=1806"}],"version-history":[{"count":1,"href":"https:\/\/superofertascatalogo.com.mx\/index.php\/wp-json\/wp\/v2\/product\/1806\/revisions"}],"predecessor-version":[{"id":1808,"href":"https:\/\/superofertascatalogo.com.mx\/index.php\/wp-json\/wp\/v2\/product\/1806\/revisions\/1808"}],"wp:featuredmedia":[{"embeddable":true,"href":"https:\/\/superofertascatalogo.com.mx\/index.php\/wp-json\/wp\/v2\/media\/1807"}],"wp:attachment":[{"href":"https:\/\/superofertascatalogo.com.mx\/index.php\/wp-json\/wp\/v2\/media?parent=1806"}],"wp:term":[{"taxonomy":"brand","embeddable":true,"href":"https:\/\/superofertascatalogo.com.mx\/index.php\/wp-json\/wp\/v2\/etheme_brands?post=1806"},{"taxonomy":"product_brand","embeddable":true,"href":"https:\/\/superofertascatalogo.com.mx\/index.php\/wp-json\/wp\/v2\/product_brand?post=1806"},{"taxonomy":"product_cat","embeddable":true,"href":"https:\/\/superofertascatalogo.com.mx\/index.php\/wp-json\/wp\/v2\/product_cat?post=1806"},{"taxonomy":"product_tag","embeddable":true,"href":"https:\/\/superofertascatalogo.com.mx\/index.php\/wp-json\/wp\/v2\/product_tag?post=1806"}],"curies":[{"name":"wp","href":"https:\/\/api.w.org\/{rel}","templated":true}]}}