{"id":1815,"date":"2026-02-10T23:24:46","date_gmt":"2026-02-10T23:24:46","guid":{"rendered":"https:\/\/superofertascatalogo.com.mx\/?post_type=product&#038;p=1815"},"modified":"2026-02-10T23:24:46","modified_gmt":"2026-02-10T23:24:46","slug":"mostaza-mccormick-preparada-315-g","status":"publish","type":"product","link":"https:\/\/superofertascatalogo.com.mx\/index.php\/product\/mostaza-mccormick-preparada-315-g\/","title":{"rendered":"Mostaza McCormick preparada 315 g"},"content":{"rendered":"","protected":false},"excerpt":{"rendered":"<div class=\"expand-collapse-header flex justify-between items-center w-100\">\n<h3 class=\"w-100 ma0 pa3 lh-copy normal f5\">Detalles del art\u00edculo<\/h3>\n<div class=\"pr3\"><\/div>\n<\/div>\n<div class=\"w_zz0G expand-collapse-content\" data-testid=\"ui-collapse-panel\">\n<div class=\"ph3 pb4 pt1\">\n<div class=\"nb3\" data-testid=\"product-description-content\">\n<div class=\"mb3\">\n<div class=\"dangerous-html mb3\">\n<ul>\n<li>Ideal como ingrediente para marinar<\/li>\n<li>Un condimento pr\u00e1ctico y vers\u00e1til<\/li>\n<li>Hecha a base de semilla de mostaza y c\u00farcuma<\/li>\n<\/ul>\n<\/div>\n<\/div>\n<div class=\"mb3 f6 mid-gray lh-title overflow-visible db\">\n<div class=\"dangerous-html mb3\">\n<div>El sabor que te fascina. La mostaza McCormick es, la salsa favorita del mundo. Un condimento m\u00e1gico en innumerables guisos. &#8211; Es ideal para marinar pescados y mariscos. Gracias a su sabor y versatilidad podr\u00e1s usarlo en m\u00e1s de un platillo. &#8211; Combina con tus snacks favoritos, hamburguesas, banderillas y m\u00e1s. &#8211; Dale sabor y color a tus d\u00edas con la mostaza McCormick.v \u00a1Realiza todas tus compras en nuestra tienda en l\u00ednea desde la comodidad de tu hogar y recoge en tienda o recibe a domicilio tus productos favoritos!<\/div>\n<\/div>\n<\/div>\n<\/div>\n<\/div>\n<\/div>\n","protected":false},"featured_media":1816,"comment_status":"open","ping_status":"closed","template":"","meta":[],"etheme_brands":[{"term_id":58,"name":"mccormik","slug":"mccormik","term_group":0,"term_taxonomy_id":58,"taxonomy":"brand","description":"","parent":0,"count":2,"filter":"raw"}],"product_brand":[],"product_cat":[57],"product_tag":[],"class_list":{"0":"post-1815","1":"product","2":"type-product","3":"status-publish","4":"has-post-thumbnail","6":"brand-mccormik","7":"product_cat-aderezo","9":"first","10":"instock","11":"sale","12":"shipping-taxable","13":"purchasable","14":"product-type-simple"},"yoast_head":"<!-- This site is optimized with the Yoast SEO Premium plugin v23.4 (Yoast SEO v23.4) - https:\/\/yoast.com\/wordpress\/plugins\/seo\/ -->\n<title>Mostaza McCormick preparada 315 g - Super Ofertas<\/title>\n<meta name=\"robots\" content=\"index, follow, max-snippet:-1, max-image-preview:large, max-video-preview:-1\" \/>\n<link rel=\"canonical\" href=\"https:\/\/superofertascatalogo.com.mx\/index.php\/product\/mostaza-mccormick-preparada-315-g\/\" \/>\n<meta property=\"og:locale\" content=\"es_MX\" \/>\n<meta property=\"og:type\" content=\"article\" \/>\n<meta property=\"og:title\" content=\"Mostaza McCormick preparada 315 g\" \/>\n<meta property=\"og:description\" content=\"Detalles del art\u00edculo          Ideal como ingrediente para marinar  Un condimento pr\u00e1ctico y vers\u00e1til  Hecha a base de semilla de mostaza y c\u00farcuma      El sabor que te fascina. La mostaza McCormick es, la salsa favorita del mundo. Un condimento m\u00e1gico en innumerables guisos. - Es ideal para marinar pescados y mariscos. Gracias a su sabor y versatilidad podr\u00e1s usarlo en m\u00e1s de un platillo. - Combina con tus snacks favoritos, hamburguesas, banderillas y m\u00e1s. - Dale sabor y color a tus d\u00edas con la mostaza McCormick.v \u00a1Realiza todas tus compras en nuestra tienda en l\u00ednea desde la comodidad de tu hogar y recoge en tienda o recibe a domicilio tus productos favoritos!\" \/>\n<meta property=\"og:url\" content=\"https:\/\/superofertascatalogo.com.mx\/index.php\/product\/mostaza-mccormick-preparada-315-g\/\" \/>\n<meta property=\"og:site_name\" content=\"Super Ofertas\" \/>\n<meta property=\"og:image\" content=\"https:\/\/superofertascatalogo.com.mx\/wp-content\/uploads\/2026\/02\/mostaza.jpg\" \/>\n\t<meta property=\"og:image:width\" content=\"1080\" \/>\n\t<meta property=\"og:image:height\" content=\"1080\" \/>\n\t<meta property=\"og:image:type\" content=\"image\/jpeg\" \/>\n<meta name=\"twitter:card\" content=\"summary_large_image\" \/>\n<meta name=\"twitter:label1\" content=\"Tiempo de lectura\" \/>\n\t<meta name=\"twitter:data1\" content=\"1 minuto\" \/>\n<script type=\"application\/ld+json\" class=\"yoast-schema-graph\">{\"@context\":\"https:\/\/schema.org\",\"@graph\":[{\"@type\":\"WebPage\",\"@id\":\"https:\/\/superofertascatalogo.com.mx\/index.php\/product\/mostaza-mccormick-preparada-315-g\/\",\"url\":\"https:\/\/superofertascatalogo.com.mx\/index.php\/product\/mostaza-mccormick-preparada-315-g\/\",\"name\":\"Mostaza McCormick preparada 315 g - Super Ofertas\",\"isPartOf\":{\"@id\":\"https:\/\/superofertascatalogo.com.mx\/#website\"},\"primaryImageOfPage\":{\"@id\":\"https:\/\/superofertascatalogo.com.mx\/index.php\/product\/mostaza-mccormick-preparada-315-g\/#primaryimage\"},\"image\":{\"@id\":\"https:\/\/superofertascatalogo.com.mx\/index.php\/product\/mostaza-mccormick-preparada-315-g\/#primaryimage\"},\"thumbnailUrl\":\"https:\/\/superofertascatalogo.com.mx\/wp-content\/uploads\/2026\/02\/mostaza.jpg\",\"datePublished\":\"2026-02-10T23:24:46+00:00\",\"dateModified\":\"2026-02-10T23:24:46+00:00\",\"breadcrumb\":{\"@id\":\"https:\/\/superofertascatalogo.com.mx\/index.php\/product\/mostaza-mccormick-preparada-315-g\/#breadcrumb\"},\"inLanguage\":\"es\",\"potentialAction\":[{\"@type\":\"ReadAction\",\"target\":[\"https:\/\/superofertascatalogo.com.mx\/index.php\/product\/mostaza-mccormick-preparada-315-g\/\"]}]},{\"@type\":\"ImageObject\",\"inLanguage\":\"es\",\"@id\":\"https:\/\/superofertascatalogo.com.mx\/index.php\/product\/mostaza-mccormick-preparada-315-g\/#primaryimage\",\"url\":\"https:\/\/superofertascatalogo.com.mx\/wp-content\/uploads\/2026\/02\/mostaza.jpg\",\"contentUrl\":\"https:\/\/superofertascatalogo.com.mx\/wp-content\/uploads\/2026\/02\/mostaza.jpg\",\"width\":1080,\"height\":1080},{\"@type\":\"BreadcrumbList\",\"@id\":\"https:\/\/superofertascatalogo.com.mx\/index.php\/product\/mostaza-mccormick-preparada-315-g\/#breadcrumb\",\"itemListElement\":[{\"@type\":\"ListItem\",\"position\":1,\"name\":\"Inicio\",\"item\":\"https:\/\/superofertascatalogo.com.mx\/\"},{\"@type\":\"ListItem\",\"position\":2,\"name\":\"Shop\",\"item\":\"https:\/\/superofertascatalogo.com.mx\/index.php\/shop\/\"},{\"@type\":\"ListItem\",\"position\":3,\"name\":\"Mostaza McCormick preparada 315 g\"}]},{\"@type\":\"WebSite\",\"@id\":\"https:\/\/superofertascatalogo.com.mx\/#website\",\"url\":\"https:\/\/superofertascatalogo.com.mx\/\",\"name\":\"Super Ofertas\",\"description\":\"Super Cerca de ti\",\"publisher\":{\"@id\":\"https:\/\/superofertascatalogo.com.mx\/#organization\"},\"alternateName\":\"Super Ofertas\",\"potentialAction\":[{\"@type\":\"SearchAction\",\"target\":{\"@type\":\"EntryPoint\",\"urlTemplate\":\"https:\/\/superofertascatalogo.com.mx\/?s={search_term_string}\"},\"query-input\":{\"@type\":\"PropertyValueSpecification\",\"valueRequired\":true,\"valueName\":\"search_term_string\"}}],\"inLanguage\":\"es\"},{\"@type\":\"Organization\",\"@id\":\"https:\/\/superofertascatalogo.com.mx\/#organization\",\"name\":\"Super Ofertas\",\"url\":\"https:\/\/superofertascatalogo.com.mx\/\",\"logo\":{\"@type\":\"ImageObject\",\"inLanguage\":\"es\",\"@id\":\"https:\/\/superofertascatalogo.com.mx\/#\/schema\/logo\/image\/\",\"url\":\"https:\/\/superofertascatalogo.com.mx\/wp-content\/uploads\/2022\/06\/Logo-cars-2x.png\",\"contentUrl\":\"https:\/\/superofertascatalogo.com.mx\/wp-content\/uploads\/2022\/06\/Logo-cars-2x.png\",\"width\":355,\"height\":130,\"caption\":\"Super Ofertas\"},\"image\":{\"@id\":\"https:\/\/superofertascatalogo.com.mx\/#\/schema\/logo\/image\/\"}}]}<\/script>\n<!-- \/ Yoast SEO Premium plugin. -->","yoast_head_json":{"title":"Mostaza McCormick preparada 315 g - Super Ofertas","robots":{"index":"index","follow":"follow","max-snippet":"max-snippet:-1","max-image-preview":"max-image-preview:large","max-video-preview":"max-video-preview:-1"},"canonical":"https:\/\/superofertascatalogo.com.mx\/index.php\/product\/mostaza-mccormick-preparada-315-g\/","og_locale":"es_MX","og_type":"article","og_title":"Mostaza McCormick preparada 315 g","og_description":"Detalles del art\u00edculo          Ideal como ingrediente para marinar  Un condimento pr\u00e1ctico y vers\u00e1til  Hecha a base de semilla de mostaza y c\u00farcuma      El sabor que te fascina. La mostaza McCormick es, la salsa favorita del mundo. Un condimento m\u00e1gico en innumerables guisos. - Es ideal para marinar pescados y mariscos. Gracias a su sabor y versatilidad podr\u00e1s usarlo en m\u00e1s de un platillo. - Combina con tus snacks favoritos, hamburguesas, banderillas y m\u00e1s. - Dale sabor y color a tus d\u00edas con la mostaza McCormick.v \u00a1Realiza todas tus compras en nuestra tienda en l\u00ednea desde la comodidad de tu hogar y recoge en tienda o recibe a domicilio tus productos favoritos!","og_url":"https:\/\/superofertascatalogo.com.mx\/index.php\/product\/mostaza-mccormick-preparada-315-g\/","og_site_name":"Super Ofertas","og_image":[{"width":1080,"height":1080,"url":"https:\/\/superofertascatalogo.com.mx\/wp-content\/uploads\/2026\/02\/mostaza.jpg","type":"image\/jpeg"}],"twitter_card":"summary_large_image","twitter_misc":{"Tiempo de lectura":"1 minuto"},"schema":{"@context":"https:\/\/schema.org","@graph":[{"@type":"WebPage","@id":"https:\/\/superofertascatalogo.com.mx\/index.php\/product\/mostaza-mccormick-preparada-315-g\/","url":"https:\/\/superofertascatalogo.com.mx\/index.php\/product\/mostaza-mccormick-preparada-315-g\/","name":"Mostaza McCormick preparada 315 g - Super Ofertas","isPartOf":{"@id":"https:\/\/superofertascatalogo.com.mx\/#website"},"primaryImageOfPage":{"@id":"https:\/\/superofertascatalogo.com.mx\/index.php\/product\/mostaza-mccormick-preparada-315-g\/#primaryimage"},"image":{"@id":"https:\/\/superofertascatalogo.com.mx\/index.php\/product\/mostaza-mccormick-preparada-315-g\/#primaryimage"},"thumbnailUrl":"https:\/\/superofertascatalogo.com.mx\/wp-content\/uploads\/2026\/02\/mostaza.jpg","datePublished":"2026-02-10T23:24:46+00:00","dateModified":"2026-02-10T23:24:46+00:00","breadcrumb":{"@id":"https:\/\/superofertascatalogo.com.mx\/index.php\/product\/mostaza-mccormick-preparada-315-g\/#breadcrumb"},"inLanguage":"es","potentialAction":[{"@type":"ReadAction","target":["https:\/\/superofertascatalogo.com.mx\/index.php\/product\/mostaza-mccormick-preparada-315-g\/"]}]},{"@type":"ImageObject","inLanguage":"es","@id":"https:\/\/superofertascatalogo.com.mx\/index.php\/product\/mostaza-mccormick-preparada-315-g\/#primaryimage","url":"https:\/\/superofertascatalogo.com.mx\/wp-content\/uploads\/2026\/02\/mostaza.jpg","contentUrl":"https:\/\/superofertascatalogo.com.mx\/wp-content\/uploads\/2026\/02\/mostaza.jpg","width":1080,"height":1080},{"@type":"BreadcrumbList","@id":"https:\/\/superofertascatalogo.com.mx\/index.php\/product\/mostaza-mccormick-preparada-315-g\/#breadcrumb","itemListElement":[{"@type":"ListItem","position":1,"name":"Inicio","item":"https:\/\/superofertascatalogo.com.mx\/"},{"@type":"ListItem","position":2,"name":"Shop","item":"https:\/\/superofertascatalogo.com.mx\/index.php\/shop\/"},{"@type":"ListItem","position":3,"name":"Mostaza McCormick preparada 315 g"}]},{"@type":"WebSite","@id":"https:\/\/superofertascatalogo.com.mx\/#website","url":"https:\/\/superofertascatalogo.com.mx\/","name":"Super Ofertas","description":"Super Cerca de ti","publisher":{"@id":"https:\/\/superofertascatalogo.com.mx\/#organization"},"alternateName":"Super Ofertas","potentialAction":[{"@type":"SearchAction","target":{"@type":"EntryPoint","urlTemplate":"https:\/\/superofertascatalogo.com.mx\/?s={search_term_string}"},"query-input":{"@type":"PropertyValueSpecification","valueRequired":true,"valueName":"search_term_string"}}],"inLanguage":"es"},{"@type":"Organization","@id":"https:\/\/superofertascatalogo.com.mx\/#organization","name":"Super Ofertas","url":"https:\/\/superofertascatalogo.com.mx\/","logo":{"@type":"ImageObject","inLanguage":"es","@id":"https:\/\/superofertascatalogo.com.mx\/#\/schema\/logo\/image\/","url":"https:\/\/superofertascatalogo.com.mx\/wp-content\/uploads\/2022\/06\/Logo-cars-2x.png","contentUrl":"https:\/\/superofertascatalogo.com.mx\/wp-content\/uploads\/2022\/06\/Logo-cars-2x.png","width":355,"height":130,"caption":"Super Ofertas"},"image":{"@id":"https:\/\/superofertascatalogo.com.mx\/#\/schema\/logo\/image\/"}}]}},"_links":{"self":[{"href":"https:\/\/superofertascatalogo.com.mx\/index.php\/wp-json\/wp\/v2\/product\/1815","targetHints":{"allow":["GET"]}}],"collection":[{"href":"https:\/\/superofertascatalogo.com.mx\/index.php\/wp-json\/wp\/v2\/product"}],"about":[{"href":"https:\/\/superofertascatalogo.com.mx\/index.php\/wp-json\/wp\/v2\/types\/product"}],"replies":[{"embeddable":true,"href":"https:\/\/superofertascatalogo.com.mx\/index.php\/wp-json\/wp\/v2\/comments?post=1815"}],"version-history":[{"count":1,"href":"https:\/\/superofertascatalogo.com.mx\/index.php\/wp-json\/wp\/v2\/product\/1815\/revisions"}],"predecessor-version":[{"id":1817,"href":"https:\/\/superofertascatalogo.com.mx\/index.php\/wp-json\/wp\/v2\/product\/1815\/revisions\/1817"}],"wp:featuredmedia":[{"embeddable":true,"href":"https:\/\/superofertascatalogo.com.mx\/index.php\/wp-json\/wp\/v2\/media\/1816"}],"wp:attachment":[{"href":"https:\/\/superofertascatalogo.com.mx\/index.php\/wp-json\/wp\/v2\/media?parent=1815"}],"wp:term":[{"taxonomy":"brand","embeddable":true,"href":"https:\/\/superofertascatalogo.com.mx\/index.php\/wp-json\/wp\/v2\/etheme_brands?post=1815"},{"taxonomy":"product_brand","embeddable":true,"href":"https:\/\/superofertascatalogo.com.mx\/index.php\/wp-json\/wp\/v2\/product_brand?post=1815"},{"taxonomy":"product_cat","embeddable":true,"href":"https:\/\/superofertascatalogo.com.mx\/index.php\/wp-json\/wp\/v2\/product_cat?post=1815"},{"taxonomy":"product_tag","embeddable":true,"href":"https:\/\/superofertascatalogo.com.mx\/index.php\/wp-json\/wp\/v2\/product_tag?post=1815"}],"curies":[{"name":"wp","href":"https:\/\/api.w.org\/{rel}","templated":true}]}}