{"id":1821,"date":"2026-02-10T23:30:58","date_gmt":"2026-02-10T23:30:58","guid":{"rendered":"https:\/\/superofertascatalogo.com.mx\/?post_type=product&#038;p=1821"},"modified":"2026-02-10T23:30:58","modified_gmt":"2026-02-10T23:30:58","slug":"yoghurt-yoplait-griego-natural-sin-azucar-anadida-750-g","status":"publish","type":"product","link":"https:\/\/superofertascatalogo.com.mx\/index.php\/product\/yoghurt-yoplait-griego-natural-sin-azucar-anadida-750-g\/","title":{"rendered":"Yoghurt Yoplait Griego natural sin az\u00facar a\u00f1adida 750 g"},"content":{"rendered":"","protected":false},"excerpt":{"rendered":"<div class=\"mb3\">\n<div class=\"dangerous-html mb3\">\n<ul>\n<li>Pr\u00e1ctica presentaci\u00f3n para satisfacer el antojo de manera saludable<\/li>\n<li>Fuente de energ\u00eda<\/li>\n<li>Con prote\u00ednas<\/li>\n<\/ul>\n<\/div>\n<\/div>\n<div class=\"mb3 f6 mid-gray lh-title overflow-visible db\">\n<div class=\"dangerous-html mb3\">\n<div>A\u00f1ade a tu carrito el yoghurt Griego natural sin az\u00facar a\u00f1adido de 750 gramos, ya sea como snack nutritivo a la hora del desayuno o como un complemento entre comidas. &#8211; Aporta 9 gramos de prote\u00edna por porci\u00f3n &#8211; Sabor natural &#8211; L\u00e1cteo alto en prote\u00edna y bajo en grasa &#8211; Ideal para complementar tus desayunos de una forma balanceada y saludable. Navega en nuestra tienda en l\u00ednea y disfruta de nuestro servicio a domicilio que tenemos para ti y recibe tu despensa directo en las puertas de tu hogar.<\/div>\n<\/div>\n<\/div>\n","protected":false},"featured_media":1824,"comment_status":"open","ping_status":"closed","template":"","meta":[],"etheme_brands":[{"term_id":62,"name":"Yoplait","slug":"yoplait","term_group":0,"term_taxonomy_id":62,"taxonomy":"brand","description":"","parent":0,"count":1,"filter":"raw"}],"product_brand":[],"product_cat":[61],"product_tag":[],"class_list":{"0":"post-1821","1":"product","2":"type-product","3":"status-publish","4":"has-post-thumbnail","6":"brand-yoplait","7":"product_cat-yogurt","9":"first","10":"instock","11":"sale","12":"shipping-taxable","13":"purchasable","14":"product-type-simple"},"yoast_head":"<!-- This site is optimized with the Yoast SEO Premium plugin v23.4 (Yoast SEO v23.4) - https:\/\/yoast.com\/wordpress\/plugins\/seo\/ -->\n<title>Yoghurt Yoplait Griego natural sin az\u00facar a\u00f1adida 750 g - Super Ofertas<\/title>\n<meta name=\"robots\" content=\"index, follow, max-snippet:-1, max-image-preview:large, max-video-preview:-1\" \/>\n<link rel=\"canonical\" href=\"https:\/\/superofertascatalogo.com.mx\/index.php\/product\/yoghurt-yoplait-griego-natural-sin-azucar-anadida-750-g\/\" \/>\n<meta property=\"og:locale\" content=\"es_MX\" \/>\n<meta property=\"og:type\" content=\"article\" \/>\n<meta property=\"og:title\" content=\"Yoghurt Yoplait Griego natural sin az\u00facar a\u00f1adida 750 g\" \/>\n<meta property=\"og:description\" content=\"Pr\u00e1ctica presentaci\u00f3n para satisfacer el antojo de manera saludable  Fuente de energ\u00eda  Con prote\u00ednas      A\u00f1ade a tu carrito el yoghurt Griego natural sin az\u00facar a\u00f1adido de 750 gramos, ya sea como snack nutritivo a la hora del desayuno o como un complemento entre comidas. - Aporta 9 gramos de prote\u00edna por porci\u00f3n - Sabor natural - L\u00e1cteo alto en prote\u00edna y bajo en grasa - Ideal para complementar tus desayunos de una forma balanceada y saludable. Navega en nuestra tienda en l\u00ednea y disfruta de nuestro servicio a domicilio que tenemos para ti y recibe tu despensa directo en las puertas de tu hogar.\" \/>\n<meta property=\"og:url\" content=\"https:\/\/superofertascatalogo.com.mx\/index.php\/product\/yoghurt-yoplait-griego-natural-sin-azucar-anadida-750-g\/\" \/>\n<meta property=\"og:site_name\" content=\"Super Ofertas\" \/>\n<meta property=\"og:image\" content=\"https:\/\/superofertascatalogo.com.mx\/wp-content\/uploads\/2026\/02\/yogurt-1.jpg\" \/>\n\t<meta property=\"og:image:width\" content=\"1080\" \/>\n\t<meta property=\"og:image:height\" content=\"1080\" \/>\n\t<meta property=\"og:image:type\" content=\"image\/jpeg\" \/>\n<meta name=\"twitter:card\" content=\"summary_large_image\" \/>\n<meta name=\"twitter:label1\" content=\"Tiempo de lectura\" \/>\n\t<meta name=\"twitter:data1\" content=\"1 minuto\" \/>\n<script type=\"application\/ld+json\" class=\"yoast-schema-graph\">{\"@context\":\"https:\/\/schema.org\",\"@graph\":[{\"@type\":\"WebPage\",\"@id\":\"https:\/\/superofertascatalogo.com.mx\/index.php\/product\/yoghurt-yoplait-griego-natural-sin-azucar-anadida-750-g\/\",\"url\":\"https:\/\/superofertascatalogo.com.mx\/index.php\/product\/yoghurt-yoplait-griego-natural-sin-azucar-anadida-750-g\/\",\"name\":\"Yoghurt Yoplait Griego natural sin az\u00facar a\u00f1adida 750 g - Super Ofertas\",\"isPartOf\":{\"@id\":\"https:\/\/superofertascatalogo.com.mx\/#website\"},\"primaryImageOfPage\":{\"@id\":\"https:\/\/superofertascatalogo.com.mx\/index.php\/product\/yoghurt-yoplait-griego-natural-sin-azucar-anadida-750-g\/#primaryimage\"},\"image\":{\"@id\":\"https:\/\/superofertascatalogo.com.mx\/index.php\/product\/yoghurt-yoplait-griego-natural-sin-azucar-anadida-750-g\/#primaryimage\"},\"thumbnailUrl\":\"https:\/\/superofertascatalogo.com.mx\/wp-content\/uploads\/2026\/02\/yogurt-1.jpg\",\"datePublished\":\"2026-02-10T23:30:58+00:00\",\"dateModified\":\"2026-02-10T23:30:58+00:00\",\"breadcrumb\":{\"@id\":\"https:\/\/superofertascatalogo.com.mx\/index.php\/product\/yoghurt-yoplait-griego-natural-sin-azucar-anadida-750-g\/#breadcrumb\"},\"inLanguage\":\"es\",\"potentialAction\":[{\"@type\":\"ReadAction\",\"target\":[\"https:\/\/superofertascatalogo.com.mx\/index.php\/product\/yoghurt-yoplait-griego-natural-sin-azucar-anadida-750-g\/\"]}]},{\"@type\":\"ImageObject\",\"inLanguage\":\"es\",\"@id\":\"https:\/\/superofertascatalogo.com.mx\/index.php\/product\/yoghurt-yoplait-griego-natural-sin-azucar-anadida-750-g\/#primaryimage\",\"url\":\"https:\/\/superofertascatalogo.com.mx\/wp-content\/uploads\/2026\/02\/yogurt-1.jpg\",\"contentUrl\":\"https:\/\/superofertascatalogo.com.mx\/wp-content\/uploads\/2026\/02\/yogurt-1.jpg\",\"width\":1080,\"height\":1080},{\"@type\":\"BreadcrumbList\",\"@id\":\"https:\/\/superofertascatalogo.com.mx\/index.php\/product\/yoghurt-yoplait-griego-natural-sin-azucar-anadida-750-g\/#breadcrumb\",\"itemListElement\":[{\"@type\":\"ListItem\",\"position\":1,\"name\":\"Inicio\",\"item\":\"https:\/\/superofertascatalogo.com.mx\/\"},{\"@type\":\"ListItem\",\"position\":2,\"name\":\"Shop\",\"item\":\"https:\/\/superofertascatalogo.com.mx\/index.php\/shop\/\"},{\"@type\":\"ListItem\",\"position\":3,\"name\":\"Yoghurt Yoplait Griego natural sin az\u00facar a\u00f1adida 750 g\"}]},{\"@type\":\"WebSite\",\"@id\":\"https:\/\/superofertascatalogo.com.mx\/#website\",\"url\":\"https:\/\/superofertascatalogo.com.mx\/\",\"name\":\"Super Ofertas\",\"description\":\"Super Cerca de ti\",\"publisher\":{\"@id\":\"https:\/\/superofertascatalogo.com.mx\/#organization\"},\"alternateName\":\"Super Ofertas\",\"potentialAction\":[{\"@type\":\"SearchAction\",\"target\":{\"@type\":\"EntryPoint\",\"urlTemplate\":\"https:\/\/superofertascatalogo.com.mx\/?s={search_term_string}\"},\"query-input\":{\"@type\":\"PropertyValueSpecification\",\"valueRequired\":true,\"valueName\":\"search_term_string\"}}],\"inLanguage\":\"es\"},{\"@type\":\"Organization\",\"@id\":\"https:\/\/superofertascatalogo.com.mx\/#organization\",\"name\":\"Super Ofertas\",\"url\":\"https:\/\/superofertascatalogo.com.mx\/\",\"logo\":{\"@type\":\"ImageObject\",\"inLanguage\":\"es\",\"@id\":\"https:\/\/superofertascatalogo.com.mx\/#\/schema\/logo\/image\/\",\"url\":\"https:\/\/superofertascatalogo.com.mx\/wp-content\/uploads\/2022\/06\/Logo-cars-2x.png\",\"contentUrl\":\"https:\/\/superofertascatalogo.com.mx\/wp-content\/uploads\/2022\/06\/Logo-cars-2x.png\",\"width\":355,\"height\":130,\"caption\":\"Super Ofertas\"},\"image\":{\"@id\":\"https:\/\/superofertascatalogo.com.mx\/#\/schema\/logo\/image\/\"}}]}<\/script>\n<!-- \/ Yoast SEO Premium plugin. -->","yoast_head_json":{"title":"Yoghurt Yoplait Griego natural sin az\u00facar a\u00f1adida 750 g - Super Ofertas","robots":{"index":"index","follow":"follow","max-snippet":"max-snippet:-1","max-image-preview":"max-image-preview:large","max-video-preview":"max-video-preview:-1"},"canonical":"https:\/\/superofertascatalogo.com.mx\/index.php\/product\/yoghurt-yoplait-griego-natural-sin-azucar-anadida-750-g\/","og_locale":"es_MX","og_type":"article","og_title":"Yoghurt Yoplait Griego natural sin az\u00facar a\u00f1adida 750 g","og_description":"Pr\u00e1ctica presentaci\u00f3n para satisfacer el antojo de manera saludable  Fuente de energ\u00eda  Con prote\u00ednas      A\u00f1ade a tu carrito el yoghurt Griego natural sin az\u00facar a\u00f1adido de 750 gramos, ya sea como snack nutritivo a la hora del desayuno o como un complemento entre comidas. - Aporta 9 gramos de prote\u00edna por porci\u00f3n - Sabor natural - L\u00e1cteo alto en prote\u00edna y bajo en grasa - Ideal para complementar tus desayunos de una forma balanceada y saludable. Navega en nuestra tienda en l\u00ednea y disfruta de nuestro servicio a domicilio que tenemos para ti y recibe tu despensa directo en las puertas de tu hogar.","og_url":"https:\/\/superofertascatalogo.com.mx\/index.php\/product\/yoghurt-yoplait-griego-natural-sin-azucar-anadida-750-g\/","og_site_name":"Super Ofertas","og_image":[{"width":1080,"height":1080,"url":"https:\/\/superofertascatalogo.com.mx\/wp-content\/uploads\/2026\/02\/yogurt-1.jpg","type":"image\/jpeg"}],"twitter_card":"summary_large_image","twitter_misc":{"Tiempo de lectura":"1 minuto"},"schema":{"@context":"https:\/\/schema.org","@graph":[{"@type":"WebPage","@id":"https:\/\/superofertascatalogo.com.mx\/index.php\/product\/yoghurt-yoplait-griego-natural-sin-azucar-anadida-750-g\/","url":"https:\/\/superofertascatalogo.com.mx\/index.php\/product\/yoghurt-yoplait-griego-natural-sin-azucar-anadida-750-g\/","name":"Yoghurt Yoplait Griego natural sin az\u00facar a\u00f1adida 750 g - Super Ofertas","isPartOf":{"@id":"https:\/\/superofertascatalogo.com.mx\/#website"},"primaryImageOfPage":{"@id":"https:\/\/superofertascatalogo.com.mx\/index.php\/product\/yoghurt-yoplait-griego-natural-sin-azucar-anadida-750-g\/#primaryimage"},"image":{"@id":"https:\/\/superofertascatalogo.com.mx\/index.php\/product\/yoghurt-yoplait-griego-natural-sin-azucar-anadida-750-g\/#primaryimage"},"thumbnailUrl":"https:\/\/superofertascatalogo.com.mx\/wp-content\/uploads\/2026\/02\/yogurt-1.jpg","datePublished":"2026-02-10T23:30:58+00:00","dateModified":"2026-02-10T23:30:58+00:00","breadcrumb":{"@id":"https:\/\/superofertascatalogo.com.mx\/index.php\/product\/yoghurt-yoplait-griego-natural-sin-azucar-anadida-750-g\/#breadcrumb"},"inLanguage":"es","potentialAction":[{"@type":"ReadAction","target":["https:\/\/superofertascatalogo.com.mx\/index.php\/product\/yoghurt-yoplait-griego-natural-sin-azucar-anadida-750-g\/"]}]},{"@type":"ImageObject","inLanguage":"es","@id":"https:\/\/superofertascatalogo.com.mx\/index.php\/product\/yoghurt-yoplait-griego-natural-sin-azucar-anadida-750-g\/#primaryimage","url":"https:\/\/superofertascatalogo.com.mx\/wp-content\/uploads\/2026\/02\/yogurt-1.jpg","contentUrl":"https:\/\/superofertascatalogo.com.mx\/wp-content\/uploads\/2026\/02\/yogurt-1.jpg","width":1080,"height":1080},{"@type":"BreadcrumbList","@id":"https:\/\/superofertascatalogo.com.mx\/index.php\/product\/yoghurt-yoplait-griego-natural-sin-azucar-anadida-750-g\/#breadcrumb","itemListElement":[{"@type":"ListItem","position":1,"name":"Inicio","item":"https:\/\/superofertascatalogo.com.mx\/"},{"@type":"ListItem","position":2,"name":"Shop","item":"https:\/\/superofertascatalogo.com.mx\/index.php\/shop\/"},{"@type":"ListItem","position":3,"name":"Yoghurt Yoplait Griego natural sin az\u00facar a\u00f1adida 750 g"}]},{"@type":"WebSite","@id":"https:\/\/superofertascatalogo.com.mx\/#website","url":"https:\/\/superofertascatalogo.com.mx\/","name":"Super Ofertas","description":"Super Cerca de ti","publisher":{"@id":"https:\/\/superofertascatalogo.com.mx\/#organization"},"alternateName":"Super Ofertas","potentialAction":[{"@type":"SearchAction","target":{"@type":"EntryPoint","urlTemplate":"https:\/\/superofertascatalogo.com.mx\/?s={search_term_string}"},"query-input":{"@type":"PropertyValueSpecification","valueRequired":true,"valueName":"search_term_string"}}],"inLanguage":"es"},{"@type":"Organization","@id":"https:\/\/superofertascatalogo.com.mx\/#organization","name":"Super Ofertas","url":"https:\/\/superofertascatalogo.com.mx\/","logo":{"@type":"ImageObject","inLanguage":"es","@id":"https:\/\/superofertascatalogo.com.mx\/#\/schema\/logo\/image\/","url":"https:\/\/superofertascatalogo.com.mx\/wp-content\/uploads\/2022\/06\/Logo-cars-2x.png","contentUrl":"https:\/\/superofertascatalogo.com.mx\/wp-content\/uploads\/2022\/06\/Logo-cars-2x.png","width":355,"height":130,"caption":"Super Ofertas"},"image":{"@id":"https:\/\/superofertascatalogo.com.mx\/#\/schema\/logo\/image\/"}}]}},"_links":{"self":[{"href":"https:\/\/superofertascatalogo.com.mx\/index.php\/wp-json\/wp\/v2\/product\/1821","targetHints":{"allow":["GET"]}}],"collection":[{"href":"https:\/\/superofertascatalogo.com.mx\/index.php\/wp-json\/wp\/v2\/product"}],"about":[{"href":"https:\/\/superofertascatalogo.com.mx\/index.php\/wp-json\/wp\/v2\/types\/product"}],"replies":[{"embeddable":true,"href":"https:\/\/superofertascatalogo.com.mx\/index.php\/wp-json\/wp\/v2\/comments?post=1821"}],"version-history":[{"count":1,"href":"https:\/\/superofertascatalogo.com.mx\/index.php\/wp-json\/wp\/v2\/product\/1821\/revisions"}],"predecessor-version":[{"id":1825,"href":"https:\/\/superofertascatalogo.com.mx\/index.php\/wp-json\/wp\/v2\/product\/1821\/revisions\/1825"}],"wp:featuredmedia":[{"embeddable":true,"href":"https:\/\/superofertascatalogo.com.mx\/index.php\/wp-json\/wp\/v2\/media\/1824"}],"wp:attachment":[{"href":"https:\/\/superofertascatalogo.com.mx\/index.php\/wp-json\/wp\/v2\/media?parent=1821"}],"wp:term":[{"taxonomy":"brand","embeddable":true,"href":"https:\/\/superofertascatalogo.com.mx\/index.php\/wp-json\/wp\/v2\/etheme_brands?post=1821"},{"taxonomy":"product_brand","embeddable":true,"href":"https:\/\/superofertascatalogo.com.mx\/index.php\/wp-json\/wp\/v2\/product_brand?post=1821"},{"taxonomy":"product_cat","embeddable":true,"href":"https:\/\/superofertascatalogo.com.mx\/index.php\/wp-json\/wp\/v2\/product_cat?post=1821"},{"taxonomy":"product_tag","embeddable":true,"href":"https:\/\/superofertascatalogo.com.mx\/index.php\/wp-json\/wp\/v2\/product_tag?post=1821"}],"curies":[{"name":"wp","href":"https:\/\/api.w.org\/{rel}","templated":true}]}}